{"id":71,"date":"2024-02-08T16:31:06","date_gmt":"2024-02-08T16:31:06","guid":{"rendered":"https:\/\/imafmediacion.com\/valoracion\/?page_id=71"},"modified":"2024-02-28T12:38:55","modified_gmt":"2024-02-28T12:38:55","slug":"valoracion-de-cartera-gratuita","status":"publish","type":"page","link":"https:\/\/imafmediacion.com\/valoracion\/","title":{"rendered":"Valoraci\u00f3n de Cartera Gratuita"},"content":{"rendered":"\t\t<div data-elementor-type=\"wp-page\" data-elementor-id=\"71\" class=\"elementor elementor-71\" data-elementor-post-type=\"page\">\n\t\t\t\t\t\t<section class=\"elementor-section elementor-top-section elementor-element elementor-element-3b36fe9 elementor-section-boxed elementor-section-height-default elementor-section-height-default\" data-id=\"3b36fe9\" data-element_type=\"section\" data-settings=\"{&quot;background_background&quot;:&quot;gradient&quot;}\">\n\t\t\t\t\t\t<div class=\"elementor-container elementor-column-gap-default\">\n\t\t\t\t\t<div class=\"elementor-column elementor-col-100 elementor-top-column elementor-element elementor-element-fee2f35\" data-id=\"fee2f35\" data-element_type=\"column\">\n\t\t\t<div class=\"elementor-widget-wrap elementor-element-populated\">\n\t\t\t\t\t\t<div class=\"elementor-element elementor-element-eea47c5 elementor-widget elementor-widget-heading\" data-id=\"eea47c5\" data-element_type=\"widget\" data-widget_type=\"heading.default\">\n\t\t\t\t<div class=\"elementor-widget-container\">\n\t\t\t\t\t<h2 class=\"elementor-heading-title elementor-size-default\">LL\u00c1MENOS AL 91 435 81 16\n<\/h2>\t\t\t\t<\/div>\n\t\t\t\t<\/div>\n\t\t\t\t<section class=\"elementor-section elementor-inner-section elementor-element elementor-element-3ba3184 elementor-section-boxed elementor-section-height-default elementor-section-height-default\" data-id=\"3ba3184\" data-element_type=\"section\" data-settings=\"{&quot;background_background&quot;:&quot;classic&quot;}\">\n\t\t\t\t\t\t<div class=\"elementor-container elementor-column-gap-default\">\n\t\t\t\t\t<div class=\"elementor-column elementor-col-100 elementor-inner-column elementor-element elementor-element-30ba041\" data-id=\"30ba041\" data-element_type=\"column\">\n\t\t\t<div class=\"elementor-widget-wrap elementor-element-populated\">\n\t\t\t\t\t\t<section class=\"elementor-section elementor-inner-section elementor-element elementor-element-7215445 elementor-section-boxed elementor-section-height-default elementor-section-height-default\" data-id=\"7215445\" data-element_type=\"section\" data-settings=\"{&quot;background_background&quot;:&quot;classic&quot;}\">\n\t\t\t\t\t\t<div class=\"elementor-container elementor-column-gap-default\">\n\t\t\t\t\t<div class=\"elementor-column elementor-col-50 elementor-inner-column elementor-element elementor-element-9e34084\" data-id=\"9e34084\" data-element_type=\"column\">\n\t\t\t<div class=\"elementor-widget-wrap elementor-element-populated\">\n\t\t\t\t\t\t<div class=\"elementor-element elementor-element-0bf203c elementor-widget elementor-widget-image\" data-id=\"0bf203c\" data-element_type=\"widget\" data-widget_type=\"image.default\">\n\t\t\t\t<div class=\"elementor-widget-container\">\n\t\t\t\t\t\t\t\t\t\t\t\t\t\t\t<img decoding=\"async\" width=\"175\" height=\"253\" src=\"https:\/\/imafmediacion.com\/valoracion\/wp-content\/uploads\/2024\/02\/IMAF-LOGO.png\" class=\"attachment-full size-full wp-image-6\" alt=\"\" \/>\t\t\t\t\t\t\t\t\t\t\t\t\t\t\t<\/div>\n\t\t\t\t<\/div>\n\t\t\t\t\t<\/div>\n\t\t<\/div>\n\t\t\t\t<div class=\"elementor-column elementor-col-50 elementor-inner-column elementor-element elementor-element-d154908\" data-id=\"d154908\" data-element_type=\"column\">\n\t\t\t<div class=\"elementor-widget-wrap elementor-element-populated\">\n\t\t\t\t\t\t<div class=\"elementor-element elementor-element-8ad0ba4 elementor-widget elementor-widget-image\" data-id=\"8ad0ba4\" data-element_type=\"widget\" data-widget_type=\"image.default\">\n\t\t\t\t<div class=\"elementor-widget-container\">\n\t\t\t\t\t\t\t\t\t\t\t\t\t\t\t<img fetchpriority=\"high\" decoding=\"async\" width=\"800\" height=\"450\" src=\"https:\/\/imafmediacion.com\/valoracion\/wp-content\/uploads\/2024\/02\/Valoracion-de-Carteras-IMAF-MEDIACION.jpg\" class=\"attachment-large size-large wp-image-72\" alt=\"\" srcset=\"https:\/\/imafmediacion.com\/valoracion\/wp-content\/uploads\/2024\/02\/Valoracion-de-Carteras-IMAF-MEDIACION.jpg 1000w, https:\/\/imafmediacion.com\/valoracion\/wp-content\/uploads\/2024\/02\/Valoracion-de-Carteras-IMAF-MEDIACION-300x169.jpg 300w, https:\/\/imafmediacion.com\/valoracion\/wp-content\/uploads\/2024\/02\/Valoracion-de-Carteras-IMAF-MEDIACION-768x432.jpg 768w\" sizes=\"(max-width: 800px) 100vw, 800px\" \/>\t\t\t\t\t\t\t\t\t\t\t\t\t\t\t<\/div>\n\t\t\t\t<\/div>\n\t\t\t\t\t<\/div>\n\t\t<\/div>\n\t\t\t\t\t<\/div>\n\t\t<\/section>\n\t\t\t\t<section class=\"elementor-section elementor-inner-section elementor-element elementor-element-1cefe49 elementor-section-boxed elementor-section-height-default elementor-section-height-default\" data-id=\"1cefe49\" data-element_type=\"section\" data-settings=\"{&quot;background_background&quot;:&quot;classic&quot;}\">\n\t\t\t\t\t\t<div class=\"elementor-container elementor-column-gap-default\">\n\t\t\t\t\t<div class=\"elementor-column elementor-col-100 elementor-inner-column elementor-element elementor-element-eaefc91\" data-id=\"eaefc91\" data-element_type=\"column\">\n\t\t\t<div class=\"elementor-widget-wrap elementor-element-populated\">\n\t\t\t\t\t\t<div class=\"elementor-element elementor-element-50cf769 elementor-widget elementor-widget-heading\" data-id=\"50cf769\" data-element_type=\"widget\" data-widget_type=\"heading.default\">\n\t\t\t\t<div class=\"elementor-widget-container\">\n\t\t\t\t\t<h2 class=\"elementor-heading-title elementor-size-default\">Valoraci\u00f3n Gratuita de Cartera<\/h2>\t\t\t\t<\/div>\n\t\t\t\t<\/div>\n\t\t\t\t<div class=\"elementor-element elementor-element-2e32f91 elementor-icon-list--layout-inline elementor-align-center elementor-list-item-link-full_width elementor-widget elementor-widget-icon-list\" data-id=\"2e32f91\" data-element_type=\"widget\" data-widget_type=\"icon-list.default\">\n\t\t\t\t<div class=\"elementor-widget-container\">\n\t\t\t\t\t\t\t<ul class=\"elementor-icon-list-items elementor-inline-items\">\n\t\t\t\t\t\t\t<li class=\"elementor-icon-list-item elementor-inline-item\">\n\t\t\t\t\t\t\t\t\t\t\t<a href=\"https:\/\/imafmediacion.com\/\">\n\n\t\t\t\t\t\t\t\t\t\t\t<span class=\"elementor-icon-list-text\">Home<\/span>\n\t\t\t\t\t\t\t\t\t\t\t<\/a>\n\t\t\t\t\t\t\t\t\t<\/li>\n\t\t\t\t\t\t\t\t<li class=\"elementor-icon-list-item elementor-inline-item\">\n\t\t\t\t\t\t\t\t\t\t<span class=\"elementor-icon-list-text\">&gt; Valoraci\u00f3n Gratuita de Cartera<\/span>\n\t\t\t\t\t\t\t\t\t<\/li>\n\t\t\t\t\t\t<\/ul>\n\t\t\t\t\t\t<\/div>\n\t\t\t\t<\/div>\n\t\t\t\t<div class=\"elementor-element elementor-element-b5e1d37 elementor-widget elementor-widget-text-editor\" data-id=\"b5e1d37\" data-element_type=\"widget\" data-widget_type=\"text-editor.default\">\n\t\t\t\t<div class=\"elementor-widget-container\">\n\t\t\t\t\t\t\t\t\t<p>La valoraci\u00f3n aqu\u00ed ofrecida es una aproximaci\u00f3n al valor de mercado que podr\u00eda conseguirse por una cartera de seguros, con fines puramente informativos. Es una aproximaci\u00f3n simplificada y no puede considerarse como una tasaci\u00f3n, ni debe ser utilizada para operaciones de compraventa, divisi\u00f3n, sucesiones, etc.<br \/>La f\u00f3rmula utilizada podr\u00e1 ser modificada en el tiempo para adaptarse en cada momento al valor de mercado. En cualquier caso, IMAF No aceptar\u00e1 ninguna responsabilidad por su utilizaci\u00f3n.<\/p>\t\t\t\t\t\t\t\t<\/div>\n\t\t\t\t<\/div>\n\t\t\t\t<div class=\"elementor-element elementor-element-e2cee56 elementor-widget elementor-widget-text-editor\" data-id=\"e2cee56\" data-element_type=\"widget\" data-widget_type=\"text-editor.default\">\n\t\t\t\t<div class=\"elementor-widget-container\">\n\t\t\t\t\t\t\t\t\t<p>Para comenzar su valoraci\u00f3n Gratuita de Cartera, ind\u00edquenos a continuaci\u00f3n si es usted Agente o Corredor.<\/p>\t\t\t\t\t\t\t\t<\/div>\n\t\t\t\t<\/div>\n\t\t\t\t<div class=\"elementor-element elementor-element-4d76071 elementor-align-center elementor-widget__width-auto elementor-widget elementor-widget-button\" data-id=\"4d76071\" data-element_type=\"widget\" data-widget_type=\"button.default\">\n\t\t\t\t<div class=\"elementor-widget-container\">\n\t\t\t\t\t\t\t\t\t<div class=\"elementor-button-wrapper\">\n\t\t\t\t\t<a class=\"elementor-button elementor-button-link elementor-size-sm\" href=\"https:\/\/imafmediacion.com\/valoracion\/valoracion-de-cartera-gratuita-agencia\/\">\n\t\t\t\t\t\t<span class=\"elementor-button-content-wrapper\">\n\t\t\t\t\t\t\t\t\t<span class=\"elementor-button-text\">Soy Agente<\/span>\n\t\t\t\t\t<\/span>\n\t\t\t\t\t<\/a>\n\t\t\t\t<\/div>\n\t\t\t\t\t\t\t\t<\/div>\n\t\t\t\t<\/div>\n\t\t\t\t<div class=\"elementor-element elementor-element-7c6f184 elementor-align-center elementor-widget__width-auto elementor-widget elementor-widget-button\" data-id=\"7c6f184\" data-element_type=\"widget\" data-widget_type=\"button.default\">\n\t\t\t\t<div class=\"elementor-widget-container\">\n\t\t\t\t\t\t\t\t\t<div class=\"elementor-button-wrapper\">\n\t\t\t\t\t<a class=\"elementor-button elementor-button-link elementor-size-sm\" href=\"https:\/\/imafmediacion.com\/valoracion\/valoracion-de-cartera-gratuita-correduria\/\">\n\t\t\t\t\t\t<span class=\"elementor-button-content-wrapper\">\n\t\t\t\t\t\t\t\t\t<span class=\"elementor-button-text\">Soy Corredor<\/span>\n\t\t\t\t\t<\/span>\n\t\t\t\t\t<\/a>\n\t\t\t\t<\/div>\n\t\t\t\t\t\t\t\t<\/div>\n\t\t\t\t<\/div>\n\t\t\t\t\t<\/div>\n\t\t<\/div>\n\t\t\t\t\t<\/div>\n\t\t<\/section>\n\t\t\t\t\t<\/div>\n\t\t<\/div>\n\t\t\t\t\t<\/div>\n\t\t<\/section>\n\t\t\t\t<div class=\"elementor-element elementor-element-2b0d773 elementor-widget elementor-widget-heading\" data-id=\"2b0d773\" data-element_type=\"widget\" data-widget_type=\"heading.default\">\n\t\t\t\t<div class=\"elementor-widget-container\">\n\t\t\t\t\t<h2 class=\"elementor-heading-title elementor-size-default\">IMAF MEDIACION C\/SERRANO N\u00ba 41 PLANTA SEXTA, OFICINA 1 28001 MADRID\n<\/h2>\t\t\t\t<\/div>\n\t\t\t\t<\/div>\n\t\t\t\t\t<\/div>\n\t\t<\/div>\n\t\t\t\t\t<\/div>\n\t\t<\/section>\n\t\t\t\t<\/div>\n\t\t","protected":false},"excerpt":{"rendered":"<p>LL\u00c1MENOS AL 91 435 81 16 Valoraci\u00f3n Gratuita de Cartera Home > Valoraci\u00f3n Gratuita de Cartera La valoraci\u00f3n aqu\u00ed ofrecida es una aproximaci\u00f3n al valor de mercado que podr\u00eda conseguirse por una cartera de seguros, con fines puramente informativos. Es una aproximaci\u00f3n simplificada y no puede considerarse como una tasaci\u00f3n, ni debe ser utilizada para [&hellip;]<\/p>\n","protected":false},"author":1,"featured_media":0,"parent":0,"menu_order":0,"comment_status":"closed","ping_status":"closed","template":"elementor_canvas","meta":{"footnotes":""},"class_list":["post-71","page","type-page","status-publish","hentry"],"_links":{"self":[{"href":"https:\/\/imafmediacion.com\/valoracion\/wp-json\/wp\/v2\/pages\/71","targetHints":{"allow":["GET"]}}],"collection":[{"href":"https:\/\/imafmediacion.com\/valoracion\/wp-json\/wp\/v2\/pages"}],"about":[{"href":"https:\/\/imafmediacion.com\/valoracion\/wp-json\/wp\/v2\/types\/page"}],"author":[{"embeddable":true,"href":"https:\/\/imafmediacion.com\/valoracion\/wp-json\/wp\/v2\/users\/1"}],"replies":[{"embeddable":true,"href":"https:\/\/imafmediacion.com\/valoracion\/wp-json\/wp\/v2\/comments?post=71"}],"version-history":[{"count":22,"href":"https:\/\/imafmediacion.com\/valoracion\/wp-json\/wp\/v2\/pages\/71\/revisions"}],"predecessor-version":[{"id":321,"href":"https:\/\/imafmediacion.com\/valoracion\/wp-json\/wp\/v2\/pages\/71\/revisions\/321"}],"wp:attachment":[{"href":"https:\/\/imafmediacion.com\/valoracion\/wp-json\/wp\/v2\/media?parent=71"}],"curies":[{"name":"wp","href":"https:\/\/api.w.org\/{rel}","templated":true}]}}